{"id":77,"date":"2021-04-09T09:00:08","date_gmt":"2021-04-09T07:00:08","guid":{"rendered":"http:\/\/mac-evans.re\/?page_id=77"},"modified":"2021-08-19T05:55:44","modified_gmt":"2021-08-19T03:55:44","slug":"qui-sommes-nous","status":"publish","type":"page","link":"https:\/\/mac-evans.re\/?page_id=77","title":{"rendered":"Le Mac Evan&#8217;s Pub"},"content":{"rendered":"<p>[et_pb_section fb_built=&#8221;1&#8243; fullwidth=&#8221;on&#8221; admin_label=&#8221;Header&#8221; _builder_version=&#8221;4.9.3&#8243; background_image=&#8221;http:\/\/mac-evans.re\/wp-content\/uploads\/2021\/08\/1b1ed162-08aa-4810-b84d-e21a4e57fa20-3.jpg&#8221; custom_padding=&#8221;0|0px|0|0px|false|false&#8221; hover_enabled=&#8221;0&#8243; title_text=&#8221;1b1ed162-08aa-4810-b84d-e21a4e57fa20 3&#8243; sticky_enabled=&#8221;0&#8243;][et_pb_fullwidth_header title=&#8221;Le Mac Evan&#8217;s Pub&#8221; button_one_text=&#8221;Nous contacter &#8221; button_one_url=&#8221;http:\/\/mac-evans.re\/?page_id=198&#8243; content_max_width=&#8221;650px&#8221; content_max_width_tablet=&#8221;480px&#8221; content_max_width_phone=&#8221;&#8221; content_max_width_last_edited=&#8221;on|tablet&#8221; _builder_version=&#8221;4.9.3&#8243; title_font=&#8221;Abhaya Libre||||||||&#8221; title_text_color=&#8221;#FFFFFF&#8221; title_font_size=&#8221;72px&#8221; title_line_height=&#8221;1.2em&#8221; content_font=&#8221;Cabin||||||||&#8221; content_text_color=&#8221;#FFFFFF&#8221; content_font_size=&#8221;18px&#8221; content_line_height=&#8221;1.8em&#8221; subhead_font=&#8221;Montserrat||||||||&#8221; background_color=&#8221;rgba(0,0,0,0.68)&#8221; use_background_color_gradient=&#8221;on&#8221; background_color_gradient_start=&#8221;rgba(255,255,255,0)&#8221; background_color_gradient_end=&#8221;rgba(0,0,0,0)&#8221; background_color_gradient_type=&#8221;radial&#8221; background_color_gradient_direction_radial=&#8221;right&#8221; background_color_gradient_end_position=&#8221;40%&#8221; background_position=&#8221;center_left&#8221; custom_button_one=&#8221;on&#8221; button_one_text_size=&#8221;16px&#8221; button_one_text_color=&#8221;#ffffff&#8221; button_one_bg_color=&#8221;#c49c63&#8243; button_one_border_width=&#8221;15px&#8221; button_one_border_color=&#8221;#c49c63&#8243; button_one_border_radius=&#8221;4px&#8221; button_one_letter_spacing=&#8221;3px&#8221; button_one_font=&#8221;Cabin|700||on|||||&#8221; custom_button_two=&#8221;on&#8221; button_two_text_size=&#8221;16px&#8221; button_two_text_color=&#8221;#ffffff&#8221; button_two_bg_color=&#8221;#ff6d4a&#8221; button_two_border_width=&#8221;15px&#8221; button_two_border_color=&#8221;#ff6d4a&#8221; button_two_border_radius=&#8221;4px&#8221; button_two_letter_spacing=&#8221;3px&#8221; button_two_font=&#8221;Cabin|700||on|||||&#8221; background_layout=&#8221;light&#8221; custom_margin=&#8221;|||&#8221; custom_padding=&#8221;100px||100px||true&#8221; hover_enabled=&#8221;0&#8243; title_font_size_tablet=&#8221;&#8221; title_font_size_phone=&#8221;40px&#8221; title_font_size_last_edited=&#8221;on|phone&#8221; title_line_height_tablet=&#8221;&#8221; title_line_height_phone=&#8221;1.2em&#8221; title_line_height_last_edited=&#8221;on|phone&#8221; button_one_border_radius_hover=&#8221;4px&#8221; button_two_border_radius_hover=&#8221;4px&#8221; button_one_letter_spacing_hover=&#8221;3px&#8221; button_two_letter_spacing_hover=&#8221;3px&#8221; inline_fonts=&#8221;Montserrat&#8221; button_one_text_size__hover_enabled=&#8221;off&#8221; button_two_text_size__hover_enabled=&#8221;off&#8221; button_one_text_color__hover_enabled=&#8221;off&#8221; button_two_text_color__hover_enabled=&#8221;off&#8221; button_one_border_width__hover_enabled=&#8221;off&#8221; button_two_border_width__hover_enabled=&#8221;off&#8221; button_one_border_color__hover_enabled=&#8221;off&#8221; button_two_border_color__hover_enabled=&#8221;off&#8221; button_one_border_radius__hover_enabled=&#8221;on&#8221; button_one_border_radius__hover=&#8221;4px&#8221; button_two_border_radius__hover_enabled=&#8221;on&#8221; button_two_border_radius__hover=&#8221;4px&#8221; button_one_letter_spacing__hover_enabled=&#8221;on&#8221; button_one_letter_spacing__hover=&#8221;3px&#8221; button_two_letter_spacing__hover_enabled=&#8221;on&#8221; button_two_letter_spacing__hover=&#8221;3px&#8221; button_one_bg_color__hover_enabled=&#8221;off&#8221; button_two_bg_color__hover_enabled=&#8221;off&#8221; sticky_enabled=&#8221;0&#8243;]<\/p>\n<p><span style=\"font-family: Montserrat; font-weight: normal;\">D\u00e9couvrez nos origines !<\/span><\/p>\n<p>[\/et_pb_fullwidth_header][\/et_pb_section][et_pb_section fb_built=&#8221;1&#8243; admin_label=&#8221;About&#8221; _builder_version=&#8221;3.22&#8243; locked=&#8221;off&#8221;][et_pb_row column_structure=&#8221;1_2,1_2&#8243; padding_top_bottom_link_2=&#8221;false&#8221; _builder_version=&#8221;3.25&#8243;][et_pb_column type=&#8221;1_2&#8243; _builder_version=&#8221;3.25&#8243; background_size=&#8221;initial&#8221; custom_padding=&#8221;|||&#8221; custom_padding__hover=&#8221;|||&#8221;][et_pb_image src=&#8221;http:\/\/mac-evans.re\/wp-content\/uploads\/2021\/04\/image-011.jpg&#8221; align_tablet=&#8221;center&#8221; align_phone=&#8221;&#8221; align_last_edited=&#8221;on|desktop&#8221; _builder_version=&#8221;3.23&#8243; animation_style=&#8221;slide&#8221; animation_direction=&#8221;left&#8221; animation_intensity_slide=&#8221;2%&#8221; border_radii=&#8221;on|4px|4px|4px|4px&#8221;][\/et_pb_image][\/et_pb_column][et_pb_column type=&#8221;1_2&#8243; _builder_version=&#8221;3.25&#8243; background_image=&#8221;http:\/\/mac-evans.re\/wp-content\/uploads\/2021\/04\/square-bg.png&#8221; background_size=&#8221;initial&#8221; background_position=&#8221;top_left&#8221; custom_padding=&#8221;40px|||40px&#8221; custom_padding_tablet=&#8221;|||&#8221; custom_padding_last_edited=&#8221;off|desktop&#8221; padding_tablet=&#8221;|||&#8221; padding_last_edited=&#8221;off|desktop&#8221; custom_padding__hover=&#8221;|||&#8221;][et_pb_text _builder_version=&#8221;4.9.3&#8243; text_font=&#8221;||||||||&#8221; text_font_size=&#8221;16px&#8221; text_line_height=&#8221;2em&#8221; header_font=&#8221;||||||||&#8221; header_2_font=&#8221;Abril Fatface||||||||&#8221; header_2_font_size=&#8221;60px&#8221; header_2_line_height=&#8221;1.2em&#8221; max_width=&#8221;600px&#8221; header_2_font_size_tablet=&#8221;50px&#8221; header_2_font_size_phone=&#8221;32px&#8221; header_2_font_size_last_edited=&#8221;on|desktop&#8221; locked=&#8221;off&#8221; inline_fonts=&#8221;Abhaya Libre,Montserrat&#8221;]<\/p>\n<h2><span style=\"font-family: 'Abhaya Libre'; font-weight: normal;\"><\/span><\/h2>\n<h2><span style=\"font-family: 'Abhaya Libre'; font-weight: normal;\"><\/span><\/h2>\n<h2><span style=\"font-family: 'Abhaya Libre'; font-weight: normal;\">Notre Histoire\u00a0<\/span><\/h2>\n<p style=\"text-align: justify;\"><span style=\"font-family: Montserrat;\">C\u2019est en 2006, au retour d\u2019un s\u00e9jour en Angleterre, que Benjamin et Michel BRUNEAU d\u00e9cident de transformer le restaurant Le Gratin et que le Mac Evan\u2019s Pub voit le jour.<\/span><\/p>\n<p style=\"text-align: justify;\"><span style=\"font-family: Montserrat;\">Bien que la viande y soit \u00e0 l\u2019honneur, la cinquantaine de plats \u00e0 la carte ainsi que les suggestions journali\u00e8res du chef peuvent satisfaire les envies de tous les estomacs ! L\u2019imposant bar au c\u0153ur de l\u2019espace int\u00e9rieur offre un large choix aux amateurs de bi\u00e8re, comme en t\u00e9moignent les 12 pressions diff\u00e9rentes actuellement disponibles, auxquelles s\u2019ajoutent de nombreuses autres r\u00e9f\u00e9rences servies en bouteille.<\/span><\/p>\n<p style=\"text-align: justify;\"><span style=\"font-family: Montserrat;\">Lors des soir\u00e9es sportives, les passionn\u00e9s de foot et de rugby peuvent se r\u00e9unir dans la salle afin de visionner les matchs diffus\u00e9s sur grand \u00e9cran.\u00a0<\/span><\/p>\n<p>[\/et_pb_text][\/et_pb_column][\/et_pb_row][\/et_pb_section][et_pb_section fb_built=&#8221;1&#8243; admin_label=&#8221;Our Cuisine&#8221; _builder_version=&#8221;3.22&#8243; min_height=&#8221;847px&#8221; custom_padding=&#8221;||1px|||&#8221;][et_pb_row column_structure=&#8221;1_2,1_2&#8243; use_custom_gutter=&#8221;on&#8221; make_equal=&#8221;on&#8221; padding_top_bottom_link_1=&#8221;false&#8221; _builder_version=&#8221;4.9.3&#8243; width=&#8221;100%&#8221; max_width=&#8221;100%&#8221; custom_padding=&#8221;|||&#8221; use_custom_width=&#8221;on&#8221; width_unit=&#8221;off&#8221; custom_width_percent=&#8221;100%&#8221;][et_pb_column type=&#8221;1_2&#8243; _builder_version=&#8221;3.25&#8243; custom_padding=&#8221;|||12%&#8221; custom_padding_tablet=&#8221;|10%||10%|false|true&#8221; custom_padding_phone=&#8221;|||||false&#8221; custom_padding_last_edited=&#8221;on|desktop&#8221; padding_phone=&#8221;|||||false&#8221; padding_tablet=&#8221;|10%||10%|false|true&#8221; padding_last_edited=&#8221;on|desktop&#8221; custom_padding__hover=&#8221;|||&#8221;][et_pb_text _builder_version=&#8221;3.27.4&#8243; text_font=&#8221;||||||||&#8221; text_font_size=&#8221;16px&#8221; text_line_height=&#8221;2em&#8221; header_font=&#8221;||||||||&#8221; header_2_font=&#8221;Abril Fatface||||||||&#8221; header_2_font_size=&#8221;60px&#8221; header_2_line_height=&#8221;1.2em&#8221; max_width=&#8221;600px&#8221; header_2_font_size_tablet=&#8221;50px&#8221; header_2_font_size_phone=&#8221;32px&#8221; header_2_font_size_last_edited=&#8221;on|desktop&#8221; locked=&#8221;off&#8221; inline_fonts=&#8221;Montserrat&#8221;]<\/p>\n<h2>Le lieu\u00a0<span style=\"font-family: Abhaya Libre;\"><\/span><\/h2>\n<p><span style=\"font-family: Montserrat;\">Implant\u00e9 depuis 15 ans \u00e0 proximit\u00e9 du centre-ville de Saint-Denis, le Mac Evan\u2019s Pub est un restaurant \u00e0 l\u2019ambiance conviviale et d\u00e9contract\u00e9e.<\/span><\/p>\n<p><span style=\"font-family: Montserrat;\">Son style de pub irlandais se pr\u00eate aux retrouvailles entre amis ou en famille en proposant une cuisine qui s\u2019inscrit dans la tradition<\/span><br \/><span style=\"font-family: Montserrat;\">de la brasserie fran\u00e7aise. Il dispose d&#8217;un imposant bar au c\u0153ur de l\u2019espace int\u00e9rieur. C\u00f4t\u00e9 ext\u00e9rieur, la spacieuse terrasse<\/span><br \/><span style=\"font-family: Montserrat;\">couverte au caract\u00e8re rustique apporte chaleur et intimit\u00e9 au lieu.<\/span><\/p>\n<p><span style=\"font-family: Montserrat;\">Une dizaine de personnes constitue l\u2019\u00e9quipe qui se fait un plaisir de vous servir du lundi au samedi<\/span>.\u00a0<\/p>\n<p>[\/et_pb_text][\/et_pb_column][et_pb_column type=&#8221;1_2&#8243; _builder_version=&#8221;3.25&#8243; custom_padding=&#8221;|||&#8221; custom_padding_tablet=&#8221;0%||0%|&#8221; custom_padding_last_edited=&#8221;off|desktop&#8221; padding_tablet=&#8221;0%||0%|&#8221; padding_last_edited=&#8221;off|desktop&#8221; custom_padding__hover=&#8221;|||&#8221;][et_pb_slider _builder_version=&#8221;4.9.3&#8243; _module_preset=&#8221;default&#8221; custom_padding=&#8221;73px|||||&#8221;][et_pb_slide image=&#8221;http:\/\/mac-evans.re\/wp-content\/uploads\/2021\/06\/20210601_082423-scaled.jpg&#8221; _builder_version=&#8221;4.9.3&#8243; _module_preset=&#8221;default&#8221; sticky_transition=&#8221;on&#8221;][\/et_pb_slide][et_pb_slide button_text=&#8221;Clics&#8221; image=&#8221;http:\/\/mac-evans.re\/wp-content\/uploads\/2021\/06\/20210601_082228-scaled.jpg&#8221; _builder_version=&#8221;4.9.3&#8243; _module_preset=&#8221;default&#8221; sticky_transition=&#8221;on&#8221;][\/et_pb_slide][et_pb_slide button_text=&#8221;Clics&#8221; image=&#8221;http:\/\/mac-evans.re\/wp-content\/uploads\/2021\/06\/20210601_082515-scaled.jpg&#8221; _builder_version=&#8221;4.9.3&#8243; _module_preset=&#8221;default&#8221; sticky_transition=&#8221;on&#8221;][\/et_pb_slide][\/et_pb_slider][\/et_pb_column][\/et_pb_row][\/et_pb_section][et_pb_section fb_built=&#8221;1&#8243; admin_label=&#8221;Stats&#8221; _builder_version=&#8221;4.9.3&#8243; background_color=&#8221;#c49c63&#8243; max_width_tablet=&#8221;&#8221; max_width_phone=&#8221;&#8221; max_width_last_edited=&#8221;on|phone&#8221;][et_pb_row column_structure=&#8221;1_4,1_4,1_4,1_4&#8243; _builder_version=&#8221;3.25&#8243;][et_pb_column type=&#8221;1_4&#8243; _builder_version=&#8221;3.25&#8243; custom_padding=&#8221;|||&#8221; custom_padding__hover=&#8221;|||&#8221;][et_pb_number_counter title=&#8221;Plats \u00e0 la carte &#8221; number=&#8221;50&#8243; percent_sign=&#8221;off&#8221; _builder_version=&#8221;4.9.3&#8243; title_level=&#8221;h5&#8243; title_font=&#8221;Abhaya Libre|||on|||||&#8221; title_letter_spacing=&#8221;2px&#8221; number_font=&#8221;Abril Fatface||||||||&#8221; number_font_size=&#8221;72px&#8221; number_line_height=&#8221;1em&#8221; background_layout=&#8221;dark&#8221; max_width_phone=&#8221;100%&#8221; max_width_last_edited=&#8221;off|desktop&#8221;][\/et_pb_number_counter][\/et_pb_column][et_pb_column type=&#8221;1_4&#8243; _builder_version=&#8221;3.25&#8243; custom_padding=&#8221;|||&#8221; custom_padding__hover=&#8221;|||&#8221;][et_pb_number_counter title=&#8221;Bi\u00e8res pression &#8221; number=&#8221;12&#8243; percent_sign=&#8221;off&#8221; _builder_version=&#8221;4.9.3&#8243; title_level=&#8221;h5&#8243; title_font=&#8221;Abhaya Libre|||on|||||&#8221; title_letter_spacing=&#8221;2px&#8221; number_font=&#8221;Abril Fatface||||||||&#8221; number_font_size=&#8221;72px&#8221; number_line_height=&#8221;1em&#8221; background_layout=&#8221;dark&#8221; max_width_phone=&#8221;100%&#8221; max_width_last_edited=&#8221;off|desktop&#8221;][\/et_pb_number_counter][\/et_pb_column][et_pb_column type=&#8221;1_4&#8243; _builder_version=&#8221;3.25&#8243; custom_padding=&#8221;|||&#8221; custom_padding__hover=&#8221;|||&#8221;][et_pb_number_counter title=&#8221;Membres &#8221; number=&#8221;10&#8243; percent_sign=&#8221;off&#8221; _builder_version=&#8221;4.9.3&#8243; title_level=&#8221;h5&#8243; title_font=&#8221;Abhaya Libre|||on|||||&#8221; title_letter_spacing=&#8221;2px&#8221; number_font=&#8221;Abril Fatface||||||||&#8221; number_font_size=&#8221;72px&#8221; number_line_height=&#8221;1em&#8221; background_layout=&#8221;dark&#8221; max_width_phone=&#8221;100%&#8221; max_width_last_edited=&#8221;off|desktop&#8221;][\/et_pb_number_counter][\/et_pb_column][et_pb_column type=&#8221;1_4&#8243; _builder_version=&#8221;3.25&#8243; custom_padding=&#8221;|||&#8221; custom_padding__hover=&#8221;|||&#8221;][et_pb_number_counter title=&#8221;Ans d\u2019anciennet\u00e9 &#8221; number=&#8221;15&#8243; percent_sign=&#8221;off&#8221; _builder_version=&#8221;4.9.3&#8243; title_level=&#8221;h5&#8243; title_font=&#8221;Abhaya Libre|||on|||||&#8221; title_letter_spacing=&#8221;2px&#8221; number_font=&#8221;Abril Fatface||||||||&#8221; number_font_size=&#8221;72px&#8221; number_line_height=&#8221;1em&#8221; background_layout=&#8221;dark&#8221; max_width_phone=&#8221;100%&#8221; max_width_last_edited=&#8221;off|desktop&#8221;][\/et_pb_number_counter][\/et_pb_column][\/et_pb_row][\/et_pb_section][et_pb_section fb_built=&#8221;1&#8243; custom_padding_last_edited=&#8221;off|desktop&#8221; admin_label=&#8221;Call To Action&#8221; _builder_version=&#8221;3.22&#8243; background_image=&#8221;http:\/\/mac-evans.re\/wp-content\/uploads\/2021\/04\/food-catering-08.jpg&#8221; background_position=&#8221;top_center&#8221; custom_margin=&#8221;|||&#8221; custom_padding=&#8221;||10%|&#8221;][et_pb_row _builder_version=&#8221;3.25&#8243;][et_pb_column type=&#8221;4_4&#8243; _builder_version=&#8221;3.25&#8243; custom_padding=&#8221;|||&#8221; custom_padding__hover=&#8221;|||&#8221;][et_pb_text _builder_version=&#8221;4.9.3&#8243; text_font=&#8221;||||||||&#8221; text_font_size=&#8221;16px&#8221; text_line_height=&#8221;2em&#8221; header_font=&#8221;||||||||&#8221; header_2_font=&#8221;Abril Fatface||||||||&#8221; header_2_font_size=&#8221;60px&#8221; header_2_line_height=&#8221;1.2em&#8221; text_orientation=&#8221;center&#8221; max_width=&#8221;600px&#8221; module_alignment=&#8221;center&#8221; header_2_font_size_tablet=&#8221;50px&#8221; header_2_font_size_phone=&#8221;32px&#8221; header_2_font_size_last_edited=&#8221;on|desktop&#8221; locked=&#8221;off&#8221; inline_fonts=&#8221;Montserrat&#8221;]<\/p>\n<h2><span style=\"font-family: 'Abhaya Libre'; font-weight: normal;\">Manger au Mac Evan&#8217;s<\/span><\/h2>\n<p><span style=\"font-family: Montserrat;\">Vous pouvez r\u00e9server votre table et vos plats !<\/span><\/p>\n<p>[\/et_pb_text][et_pb_button button_url=&#8221;http:\/\/mac-evans.re\/?page_id=198&#8243; button_text=&#8221;R\u00e9server &#8221; button_alignment=&#8221;center&#8221; _builder_version=&#8221;4.9.3&#8243; custom_button=&#8221;on&#8221; button_text_size=&#8221;16px&#8221; button_text_color=&#8221;#ffffff&#8221; button_bg_color=&#8221;#c49c63&#8243; button_border_width=&#8221;10px&#8221; button_border_color=&#8221;#c49c63&#8243; button_border_radius=&#8221;4px&#8221; button_letter_spacing=&#8221;3px&#8221; button_font=&#8221;Cabin|700||on|||||&#8221; box_shadow_style=&#8221;preset3&#8243; box_shadow_vertical=&#8221;20px&#8221; box_shadow_blur=&#8221;40px&#8221; box_shadow_spread=&#8221;-7px&#8221; box_shadow_color=&#8221;rgba(255,109,74,0.5)&#8221; button_border_radius_hover=&#8221;4px&#8221; button_letter_spacing_hover=&#8221;3px&#8221; locked=&#8221;off&#8221; button_text_size__hover_enabled=&#8221;off&#8221; button_one_text_size__hover_enabled=&#8221;off&#8221; button_two_text_size__hover_enabled=&#8221;off&#8221; button_text_color__hover_enabled=&#8221;off&#8221; button_one_text_color__hover_enabled=&#8221;off&#8221; button_two_text_color__hover_enabled=&#8221;off&#8221; button_border_width__hover_enabled=&#8221;off&#8221; button_one_border_width__hover_enabled=&#8221;off&#8221; button_two_border_width__hover_enabled=&#8221;off&#8221; button_border_color__hover_enabled=&#8221;off&#8221; button_one_border_color__hover_enabled=&#8221;off&#8221; button_two_border_color__hover_enabled=&#8221;off&#8221; button_border_radius__hover_enabled=&#8221;on&#8221; button_border_radius__hover=&#8221;4px&#8221; button_one_border_radius__hover_enabled=&#8221;off&#8221; button_two_border_radius__hover_enabled=&#8221;off&#8221; button_letter_spacing__hover_enabled=&#8221;on&#8221; button_letter_spacing__hover=&#8221;3px&#8221; button_one_letter_spacing__hover_enabled=&#8221;off&#8221; button_two_letter_spacing__hover_enabled=&#8221;off&#8221; button_bg_color__hover_enabled=&#8221;off&#8221; button_one_bg_color__hover_enabled=&#8221;off&#8221; button_two_bg_color__hover_enabled=&#8221;off&#8221;][\/et_pb_button][\/et_pb_column][\/et_pb_row][\/et_pb_section]<\/p>\n","protected":false},"excerpt":{"rendered":"<p>[et_pb_section fb_built=&#8221;1&#8243; fullwidth=&#8221;on&#8221; admin_label=&#8221;Header&#8221; _builder_version=&#8221;4.9.3&#8243; background_image=&#8221;http:\/\/mac-evans.re\/wp-content\/uploads\/2021\/08\/1b1ed162-08aa-4810-b84d-e21a4e57fa20-3.jpg&#8221; custom_padding=&#8221;0|0px|0|0px|false|false&#8221; hover_enabled=&#8221;0&#8243; title_text=&#8221;1b1ed162-08aa-4810-b84d-e21a4e57fa20 3&#8243; sticky_enabled=&#8221;0&#8243;][et_pb_fullwidth_header title=&#8221;Le Mac Evan&#8217;s Pub&#8221; button_one_text=&#8221;Nous contacter &#8221; button_one_url=&#8221;http:\/\/mac-evans.re\/?page_id=198&#8243; content_max_width=&#8221;650px&#8221; content_max_width_tablet=&#8221;480px&#8221; content_max_width_phone=&#8221;&#8221; content_max_width_last_edited=&#8221;on|tablet&#8221; _builder_version=&#8221;4.9.3&#8243; title_font=&#8221;Abhaya Libre||||||||&#8221; title_text_color=&#8221;#FFFFFF&#8221; title_font_size=&#8221;72px&#8221; title_line_height=&#8221;1.2em&#8221; content_font=&#8221;Cabin||||||||&#8221; content_text_color=&#8221;#FFFFFF&#8221; content_font_size=&#8221;18px&#8221; content_line_height=&#8221;1.8em&#8221; subhead_font=&#8221;Montserrat||||||||&#8221; background_color=&#8221;rgba(0,0,0,0.68)&#8221; use_background_color_gradient=&#8221;on&#8221; background_color_gradient_start=&#8221;rgba(255,255,255,0)&#8221; background_color_gradient_end=&#8221;rgba(0,0,0,0)&#8221; background_color_gradient_type=&#8221;radial&#8221; background_color_gradient_direction_radial=&#8221;right&#8221; background_color_gradient_end_position=&#8221;40%&#8221; background_position=&#8221;center_left&#8221; custom_button_one=&#8221;on&#8221; button_one_text_size=&#8221;16px&#8221; button_one_text_color=&#8221;#ffffff&#8221; button_one_bg_color=&#8221;#c49c63&#8243; button_one_border_width=&#8221;15px&#8221; button_one_border_color=&#8221;#c49c63&#8243; button_one_border_radius=&#8221;4px&#8221; button_one_letter_spacing=&#8221;3px&#8221; button_one_font=&#8221;Cabin|700||on|||||&#8221; custom_button_two=&#8221;on&#8221; button_two_text_size=&#8221;16px&#8221; button_two_text_color=&#8221;#ffffff&#8221; button_two_bg_color=&#8221;#ff6d4a&#8221; [&hellip;]<\/p>\n","protected":false},"author":1,"featured_media":0,"parent":0,"menu_order":0,"comment_status":"closed","ping_status":"closed","template":"","meta":{"_et_pb_use_builder":"on","_et_pb_old_content":"","_et_gb_content_width":""},"_links":{"self":[{"href":"https:\/\/mac-evans.re\/index.php?rest_route=\/wp\/v2\/pages\/77"}],"collection":[{"href":"https:\/\/mac-evans.re\/index.php?rest_route=\/wp\/v2\/pages"}],"about":[{"href":"https:\/\/mac-evans.re\/index.php?rest_route=\/wp\/v2\/types\/page"}],"author":[{"embeddable":true,"href":"https:\/\/mac-evans.re\/index.php?rest_route=\/wp\/v2\/users\/1"}],"replies":[{"embeddable":true,"href":"https:\/\/mac-evans.re\/index.php?rest_route=%2Fwp%2Fv2%2Fcomments&post=77"}],"version-history":[{"count":25,"href":"https:\/\/mac-evans.re\/index.php?rest_route=\/wp\/v2\/pages\/77\/revisions"}],"predecessor-version":[{"id":524,"href":"https:\/\/mac-evans.re\/index.php?rest_route=\/wp\/v2\/pages\/77\/revisions\/524"}],"wp:attachment":[{"href":"https:\/\/mac-evans.re\/index.php?rest_route=%2Fwp%2Fv2%2Fmedia&parent=77"}],"curies":[{"name":"wp","href":"https:\/\/api.w.org\/{rel}","templated":true}]}}